{"id":44,"date":"2022-06-10T14:59:52","date_gmt":"2022-06-10T12:59:52","guid":{"rendered":"https:\/\/formation-comptable.be\/index.php\/conditions\/"},"modified":"2022-06-10T14:59:57","modified_gmt":"2022-06-10T12:59:57","slug":"conditions","status":"publish","type":"page","link":"https:\/\/formation-comptable.be\/index.php\/conditions\/","title":{"rendered":"Conditions"},"content":{"rendered":"\n  \n    <section class=\"u-clearfix u-section-1\" id=\"sec-7c46\">\n      <div class=\"u-clearfix u-sheet u-valign-middle u-sheet-1\">\n        <h1 class=\"u-text u-text-1\">Conditions de paiement<\/h1>\n      <\/div>\n    <\/section>\n    <section class=\"u-clearfix u-section-2\" id=\"sec-bd6c\">\n      <div class=\"u-clearfix u-sheet u-sheet-1\">\n        <p class=\"u-text u-text-default u-text-1\">1.\n Les factures r\u00e9dig\u00e9es par sprl EMAConsult \u00e0 titre de services, ou \nprestations, sont payables au comptant et sans r\u00e9duction, sur un de nos \ncomptes en banque ou par ch\u00e8que.&nbsp;<br>\n          <br>2. En cas \nde paiement par ch\u00e8que, celui-ci devra \u00eatre r\u00e9dig\u00e9 au nom de la sprl \nEMAConsult et \u00eatre barr\u00e9. Le paiement par ch\u00e8que est accept\u00e9 sous \nr\u00e9serve de son acceptation par l'organisme financier.<br>\n          <br>3.\n Pour que les litiges \u00e9ventuels soient recevables, ceux-ci devront nous \n\u00eatre communiqu\u00e9s end\u00e9ans les trente (30) jours qui suivent la date de \nfacturation.&nbsp;<br>4. D\u00e9lais de paiement. En cas de \nretard du paiement d'une facture de plus de dix jours apr\u00e8s la date \nd'\u00e9ch\u00e9ance de la facture un montant forfaitaire de 50\u20ac\/htva vous sera \nfactur\u00e9.&nbsp;<br>\n          <br>5. Si le  montant de la facture ou\n le solde n'ont pas \u00e9t\u00e9 r\u00e9gl\u00e9s le&nbsp;    jour de l'\u00e9ch\u00e9ance, une  \nindemnisation de 15% sera compt\u00e9e.    De plus,EMAConsult&nbsp; sera en droit \nde suspendre les travaux    qui restent \u00e0 effectuer.&nbsp;<br>\n          <br>6. Dans les cas de litiges, seul  le Tribunal de Bruxelles sera&nbsp;    comp\u00e9tent. &nbsp;<br>\n          <br>\n          <br>7.\n Frais administratif. Lors de la r\u00e9ception de dossier(s), document(s), \n60\u20ac\/htva par heure vous seront factur\u00e9s par le service administratif \npour la mise en ordre \u00e9ventuelle du\/des dossier(s) document(s).\n        <\/p>\n      <\/div>\n    <\/section>\n    \n    \n    \n    \n  \n","protected":false},"excerpt":{"rendered":"<p>Conditions de paiement 1. Les factures r\u00e9dig\u00e9es par sprl EMAConsult \u00e0 titre de services, ou prestations, sont payables au comptant et sans r\u00e9duction, sur un de nos comptes en banque ou par ch\u00e8que.&nbsp; 2. En cas de paiement par ch\u00e8que, celui-ci devra \u00eatre r\u00e9dig\u00e9 au nom de la sprl EMAConsult et \u00eatre barr\u00e9. Le paiement &hellip; <a href=\"https:\/\/formation-comptable.be\/index.php\/conditions\/\" class=\"more-link\">Continue reading<span class=\"screen-reader-text\"> \u00ab\u00a0Conditions\u00a0\u00bb<\/span><\/a><\/p>\n","protected":false},"author":2,"featured_media":0,"parent":0,"menu_order":2,"comment_status":"closed","ping_status":"closed","template":"","meta":{"footnotes":""},"class_list":["post-44","page","type-page","status-publish","hentry"],"_links":{"self":[{"href":"https:\/\/formation-comptable.be\/index.php\/wp-json\/wp\/v2\/pages\/44","targetHints":{"allow":["GET"]}}],"collection":[{"href":"https:\/\/formation-comptable.be\/index.php\/wp-json\/wp\/v2\/pages"}],"about":[{"href":"https:\/\/formation-comptable.be\/index.php\/wp-json\/wp\/v2\/types\/page"}],"author":[{"embeddable":true,"href":"https:\/\/formation-comptable.be\/index.php\/wp-json\/wp\/v2\/users\/2"}],"replies":[{"embeddable":true,"href":"https:\/\/formation-comptable.be\/index.php\/wp-json\/wp\/v2\/comments?post=44"}],"version-history":[{"count":1,"href":"https:\/\/formation-comptable.be\/index.php\/wp-json\/wp\/v2\/pages\/44\/revisions"}],"predecessor-version":[{"id":56,"href":"https:\/\/formation-comptable.be\/index.php\/wp-json\/wp\/v2\/pages\/44\/revisions\/56"}],"wp:attachment":[{"href":"https:\/\/formation-comptable.be\/index.php\/wp-json\/wp\/v2\/media?parent=44"}],"curies":[{"name":"wp","href":"https:\/\/api.w.org\/{rel}","templated":true}]}}