{"id":46,"date":"2022-06-10T14:59:54","date_gmt":"2022-06-10T12:59:54","guid":{"rendered":"https:\/\/formation-comptable.be\/index.php\/privacy\/"},"modified":"2022-06-10T14:59:58","modified_gmt":"2022-06-10T12:59:58","slug":"privacy","status":"publish","type":"page","link":"https:\/\/formation-comptable.be\/index.php\/privacy\/","title":{"rendered":"Privacy"},"content":{"rendered":"\n  \n    <section class=\"u-clearfix u-section-1\" id=\"sec-7c46\">\n      <div class=\"u-clearfix u-sheet u-sheet-1\">\n        <h1 class=\"u-text u-text-1\"> D\u00e9claration relative \u00e0 la protection des donn\u00e9es \u00e0 caract\u00e8re personnel <\/h1>\n      <\/div>\n    <\/section>\n    <section class=\"u-clearfix u-section-2\" id=\"sec-bd6c\">\n      <div class=\"u-clearfix u-sheet u-sheet-1\">\n        <p class=\"u-text u-text-default u-text-1\">&nbsp;<br>Les informations personnelles port\u00e9es sur ce formulaire sont enregistr\u00e9es dans un fichier informatis\u00e9 par EMAconsult scrl.&nbsp; <br>Nous ne traiterons ou n'utiliserons vos donn\u00e9es que dans la mesure o\u00f9 cela est n\u00e9cessaire pour :&nbsp; <br>\n          <br>\u2022&nbsp; &nbsp; &nbsp; &nbsp; &nbsp; &nbsp; &nbsp; Vous contacter ; <br>\u2022&nbsp; &nbsp; &nbsp; &nbsp; &nbsp; &nbsp; &nbsp; Assurer le traitement de vos demandes ; <br>\u2022&nbsp; &nbsp; &nbsp; &nbsp; &nbsp; &nbsp; &nbsp; Cr\u00e9er et g\u00e9rer votre dossier ; <br>\u2022&nbsp; &nbsp; &nbsp; &nbsp; &nbsp; &nbsp; &nbsp; Cr\u00e9er et g\u00e9rer votre acc\u00e8s \u00e0 nos services ; <br>\u2022&nbsp; &nbsp; &nbsp; &nbsp; &nbsp; &nbsp; &nbsp; Prospection commerciale ; <br>\u2022&nbsp; &nbsp; &nbsp; &nbsp; &nbsp; &nbsp; &nbsp; Assurer l\u2019ex\u00e9cution de nos prestations ; <br>\u2022&nbsp;\n &nbsp; &nbsp; &nbsp; &nbsp; &nbsp; &nbsp; La v\u00e9rification de la validit\u00e9 des informations n\u00e9cessaires\n au paiement d\u2019un bien, d\u2019une prestation ou de frais d\u2019adh\u00e9sion ; <br>\u2022&nbsp; &nbsp; &nbsp; &nbsp; &nbsp; &nbsp; &nbsp; R\u00e9aliser des \u00e9tudes statistiques ; <br>\u2022&nbsp; &nbsp; &nbsp; &nbsp; &nbsp; &nbsp; &nbsp; Respecter nos obligations l\u00e9gales ; <br>\n          <br>Vos informations personnelles seront conserv\u00e9es aussi longtemps que n\u00e9cessaire pendant la dur\u00e9e de traitement, sauf si :&nbsp; <br>\n          <br>\u2022&nbsp; &nbsp; &nbsp; &nbsp; &nbsp; &nbsp; &nbsp; Vous exercez votre droit de suppression des donn\u00e9es vous concernant, dans les conditions d\u00e9crites ci-apr\u00e8s ;&nbsp; <br>\u2022&nbsp;\n &nbsp; &nbsp; &nbsp; &nbsp; &nbsp; &nbsp; Une dur\u00e9e de conservation plus longue est autoris\u00e9e ou \nimpos\u00e9e en vertu d\u2019une disposition l\u00e9gale ou r\u00e8glementaire.&nbsp; <br>\u2022&nbsp; &nbsp; &nbsp; &nbsp; &nbsp; &nbsp; &nbsp; Une raison l\u00e9gitime justifie la conservation des donn\u00e9es. <br>\n          <br>Pendant\n cette p\u00e9riode, nous mettons en place tous moyens aptes \u00e0 assurer la \nconfidentialit\u00e9 et la s\u00e9curit\u00e9 de vos donn\u00e9es personnelles, de mani\u00e8re \u00e0\n emp\u00eacher leur endommagement, effacement ou acc\u00e8s par des tiers non \nautoris\u00e9s.&nbsp; <br>\n          <br>L'acc\u00e8s \u00e0 vos donn\u00e9es personnelles est strictement \nlimit\u00e9 \u00e0 notre personnel administratif, nos employ\u00e9s et pr\u00e9pos\u00e9s, le \nservice communication ou le service comptable, et, le cas \u00e9ch\u00e9ant, \u00e0 nos\n sous-traitants. Les sous-traitants en question sont soumis \u00e0 une \nobligation de confidentialit\u00e9 et ne peuvent utiliser vos donn\u00e9es qu\u2019en \nconformit\u00e9 avec nos dispositions contractuelles et la l\u00e9gislation \napplicable. En dehors des cas \u00e9nonc\u00e9s ci-dessus, nous nous engageons \u00e0 \nne pas vendre, louer, c\u00e9der ni donner acc\u00e8s \u00e0 des tiers \u00e0 vos donn\u00e9es \nsans votre consentement pr\u00e9alable, \u00e0 moins d\u2019y \u00eatre contraints en raison\n d\u2019un motif l\u00e9gitime (obligation l\u00e9gale, lutte contre la fraude ou \nl\u2019abus, exercice des droits de la d\u00e9fense, etc.).&nbsp; <br>\n          <br>Conform\u00e9ment\n au R\u00e8glement europ\u00e9en n\u00b02016\/679\/UE du 27 avril 2016 (applicable d\u00e8s le\n 25 mai 2018), vous b\u00e9n\u00e9ficiez d\u2019un droit d\u2019acc\u00e8s, de rectification, de \nportabilit\u00e9 et d\u2019effacement de vos donn\u00e9es ou encore de limitation du \ntraitement. Vous pouvez \u00e9galement, pour des motifs l\u00e9gitimes, vous \nopposer au traitement des donn\u00e9es vous concernant.&nbsp; <br>\n          <br>Vous pouvez,\n sous r\u00e9serve de la production d\u2019un justificatif d\u2019identit\u00e9 valide, \nexercer vos droits en contactant EMAconsult scrl, \u00e0 l\u2019adresse \ninfo@emaconsult.com.&nbsp; <br>\n          <br>Si vous ne souhaitez pas\/plus recevoir \nnos actualit\u00e9s et sollicitations (par t\u00e9l\u00e9phone, SMS, courrier postal ou\n \u00e9lectronique) et invitations, nous vous invitons \u00e0 nous le communiquer \u00e0\n l\u2019adresse info@emaconsult.com. Idem si vous ne souhaitez pas recevoir \nles actualit\u00e9s, invitations ou offres promotionnelles de nos \npartenaires.&nbsp; <br>\n          <br>SITE INTERNET D\u2019ADHERENT <br>\n          <br>\n          <br>Les donn\u00e9es personnelles pouvant \u00eatre collect\u00e9es sur le Site sont les suivantes :&nbsp; &nbsp; <br>Cr\u00e9ation\n de compte\/profil : sont notamment enregistr\u00e9es, lors de la cr\u00e9ation de \nvotre compte\/profil, vos nom, pr\u00e9nom, date de naissance, adresse \npostale, adresse \u00e9lectronique, num\u00e9ro de t\u00e9l\u00e9phone ainsi que vos donn\u00e9es\n de connexion.&nbsp; <br>\n          <br>Connexion au site : \u00e0 cette occasion, sont \nnotamment enregistr\u00e9es, vos donn\u00e9es de connexion, de navigation ou \nencore de localisation.&nbsp; <br>\n          <br>Paiements sur le site : en cas de \ntransaction financi\u00e8re sur le site, sont enregistr\u00e9es vos coordonn\u00e9es \nbancaires ou encore les donn\u00e9es relatives \u00e0 votre carte de cr\u00e9dit. <br>\n          <br>Discussions\n en ligne : lorsque vous communiquez avec d'autres utilisateurs sur le \nsite, les donn\u00e9es relatives \u00e0 ces \u00e9changes sont enregistr\u00e9es. <br>\n          <br>Informations\n en provenance de tiers : Certaines de vos donn\u00e9es (en particulier vos \nnom, pr\u00e9nom et coordonn\u00e9es t\u00e9l\u00e9phoniques et\/ou postales) sont \nsusceptibles de nous avoir \u00e9t\u00e9 transmises, avec votre accord pr\u00e9alable, \npar nos partenaires. Dans ce cas, le traitement de vos donn\u00e9es sera r\u00e9gi\n par les pr\u00e9sentes stipulations.&nbsp; <br>&nbsp; <br>Contact : Lors du \nremplissage du formulaire de contact, sont collect\u00e9s vos nom, pr\u00e9nom, \nadresse \u00e9lectronique et votre message.&nbsp; Cookies : Les Cookies sont \nutilis\u00e9s, dans le cadre de l\u2019utilisation du Site, afin de collecter \ncertaines informations (en particulier, votre adresse IP, des \ninformations relatives \u00e0 l\u2019ordinateur utilis\u00e9 pour la navigation, le \nmode de connexion, le type et la version du navigateur internet, le \nsyst\u00e8me d'exploitation et d'autres identifiants techniques ou encore \nl\u2019adresse URL des connexions, y compris la date et l'heure, ainsi que le\n contenu acc\u00e9d\u00e9).&nbsp; <br>\n          <br>Vous avez la possibilit\u00e9 de d\u00e9sactiver les Cookies \u00e0 partir des param\u00e8tres de votre navigateur.&nbsp; <br>&nbsp; <br>Les utilisations de vos donn\u00e9es personnelles sont principalement les suivantes :<br>&nbsp; <br>\u2022&nbsp; &nbsp; &nbsp; &nbsp; &nbsp; &nbsp; &nbsp; Acc\u00e8s et utilisation du site ;&nbsp; <br>\u2022&nbsp; &nbsp; &nbsp; &nbsp; &nbsp; &nbsp; &nbsp; V\u00e9rification et authentification de vos donn\u00e9es ;&nbsp; <br>\u2022&nbsp; &nbsp; &nbsp; &nbsp; &nbsp; &nbsp; &nbsp; Optimisation de l\u2019agencement et du fonctionnement du site ;&nbsp; <br>\u2022&nbsp; &nbsp; &nbsp; &nbsp; &nbsp; &nbsp; &nbsp; Lutte contre les fraudes, utilisations abusives, virus et autres logiciels malveillants ;&nbsp; <br>\u2022&nbsp; &nbsp; &nbsp; &nbsp; &nbsp; &nbsp; &nbsp; Gestion de la relation avec vous ;&nbsp; <br>\u2022&nbsp; &nbsp; &nbsp; &nbsp; &nbsp; &nbsp; &nbsp; Mise en place et gestion d'un espace de communication entre utilisateurs du&nbsp; site ;&nbsp; <br>\u2022&nbsp; &nbsp; &nbsp; &nbsp; &nbsp; &nbsp; &nbsp; Fourniture d'une assistance utilisateurs ;&nbsp; <br>\u2022&nbsp; &nbsp; &nbsp; &nbsp; &nbsp; &nbsp; &nbsp; Gestion des services de paiement ;&nbsp; <br>\u2022&nbsp;\n &nbsp; &nbsp; &nbsp; &nbsp; &nbsp; &nbsp; Fourniture de contenus et services personnalis\u00e9s, en \nfonction de votre historique de navigation, de vos pr\u00e9f\u00e9rences et \ncentres d'int\u00e9r\u00eats ;&nbsp; <br>\u2022&nbsp; &nbsp; &nbsp; &nbsp; &nbsp; &nbsp; &nbsp; Envoi d\u2019informations \ncommerciales et de messages publicitaires, en fonction de votre \nhistorique de navigation, de vos pr\u00e9f\u00e9rences et centres d'int\u00e9r\u00eats.&nbsp; <br>\n          <br>Lorsque\n certaines informations sont obligatoires pour acc\u00e9der \u00e0 des \nfonctionnalit\u00e9s sp\u00e9cifiques du Site, ce caract\u00e8re obligatoire est \nindiqu\u00e9 au moment de la saisie des donn\u00e9es. En cas de refus de votre \npart de fournir des informations obligatoires, vous pourriez ne pas \navoir acc\u00e8s \u00e0 certains services, fonctionnalit\u00e9s ou rubriques du Site.&nbsp; <br>&nbsp; <br>Vos informations personnelles sont conserv\u00e9es aussi longtemps\n que n\u00e9cessaire \u00e0\/jusqu\u2019\u00e0\/pendant la fourniture de nos produits et \nservices, la dur\u00e9e de validit\u00e9 de votre compte utilisateur, l\u2019ex\u00e9cution \nde nos prestations, sauf si :&nbsp; <br>\n          <br>\u2022&nbsp; &nbsp; &nbsp; &nbsp; &nbsp; &nbsp; &nbsp; Vous exercez, dans les conditions pr\u00e9vues ci-apr\u00e8s, l\u2019un des droits qui vous sont reconnus par la l\u00e9gislation ;&nbsp; <br>&nbsp; <br>\u2022&nbsp;\n &nbsp; &nbsp; &nbsp; &nbsp; &nbsp; &nbsp; Une dur\u00e9e de conservation plus longue est autoris\u00e9e ou \nimpos\u00e9e en vertu d\u2019une disposition l\u00e9gale ou r\u00e8glementaire.&nbsp; <br>&nbsp; &nbsp; <br>Pendant\n cette p\u00e9riode, le Site met en place les moyens organisationnels, \nlogiciels, juridiques, techniques et physiques aptes \u00e0 assurer la \nconfidentialit\u00e9 et la s\u00e9curit\u00e9 de vos donn\u00e9es personnelles, de mani\u00e8re \u00e0\n emp\u00eacher leur endommagement, effacement ou acc\u00e8s par des tiers non \nautoris\u00e9s.&nbsp; <br>&nbsp; <br>L'acc\u00e8s \u00e0 vos donn\u00e9es personnelles est \nstrictement limit\u00e9 aux employ\u00e9s et pr\u00e9pos\u00e9s de EMAconsult scrl, \nhabilit\u00e9s en raison de leurs fonctions et tenus \u00e0 une obligation de \nconfidentialit\u00e9. Cependant, les donn\u00e9es collect\u00e9es pourront \n\u00e9ventuellement \u00eatre communiqu\u00e9es \u00e0 des sous-traitants charg\u00e9s \ncontractuellement de l'ex\u00e9cution des t\u00e2ches n\u00e9cessaires au bon \nfonctionnement du Site et de ses services ainsi qu\u2019\u00e0 la bonne gestion de\n la relation avec vous, sans que vous ayez besoin de donner votre \nautorisation. Il est pr\u00e9cis\u00e9 que, dans le cadre de l\u2019ex\u00e9cution de leurs \nprestations, les sous-traitants n\u2019ont qu\u2019un acc\u00e8s limit\u00e9 \u00e0 vos donn\u00e9es \net ont une obligation contractuelle de les utiliser en conformit\u00e9 avec \nles dispositions de la l\u00e9gislation applicable en mati\u00e8re de protection \ndes donn\u00e9es personnelles. En dehors des cas \u00e9nonc\u00e9s ci-dessus, \nEMAconsult scrl s'engage \u00e0 ne pas vendre, louer, c\u00e9der ou donner acc\u00e8s \u00e0\n des tiers \u00e0 vos donn\u00e9es sans votre consentement pr\u00e9alable, \u00e0 moins d\u2019y \n\u00eatre contraints en raison d\u2019un motif l\u00e9gitime (obligation l\u00e9gale, lutte \ncontre la fraude ou l\u2019abus, exercice des droits de la d\u00e9fense, etc.).&nbsp; <br>\n          <br>Conform\u00e9ment\n au r\u00e8glement europ\u00e9en n\u00b02016\/679\/UE du 27 avril 2016 (applicable d\u00e8s le\n 25 mai 2018), vous disposez des droits suivants : <br>\n          <br>\u2022&nbsp; &nbsp; &nbsp; &nbsp; &nbsp; &nbsp; &nbsp; Mettre \u00e0 jour ou supprimer vos donn\u00e9es en vous connectant \u00e0 votre compte et en configurant ses param\u00e8tres ;&nbsp; <br>\u2022&nbsp; &nbsp; &nbsp; &nbsp; &nbsp; &nbsp; &nbsp; Exercer votre droit d\u2019acc\u00e8s, pour conna\u00eetre les donn\u00e9es personnelles qui vous concernent ;&nbsp; <br>\u2022&nbsp; &nbsp; &nbsp; &nbsp; &nbsp; &nbsp; &nbsp; Demander la mise \u00e0 jour de vos donn\u00e9es, si celles-ci sont inexactes ;<br>\u2022&nbsp; &nbsp; &nbsp; &nbsp; &nbsp; &nbsp; &nbsp; Demander la portabilit\u00e9 ou la suppression de vos donn\u00e9es ;<br>\u2022&nbsp; &nbsp; &nbsp; &nbsp; &nbsp; &nbsp; &nbsp; Demander la suppression de votre compte ;<br>\u2022&nbsp; &nbsp; &nbsp; &nbsp; &nbsp; &nbsp; &nbsp; Demander la limitation du traitement de vos donn\u00e9es ;<br>\u2022&nbsp; &nbsp; &nbsp; &nbsp; &nbsp; &nbsp; &nbsp; Vous opposer, pour des motifs l\u00e9gitimes, au traitement de vos donn\u00e9es ;<br>\u2022&nbsp;\n &nbsp; &nbsp; &nbsp; &nbsp; &nbsp; &nbsp; Vous opposer ou retirer votre consentement \u00e0 l\u2019utilisation,\n par nos services, de vos coordonn\u00e9es pour l\u2019envoi de nos promotions et \nsollicitations via courriers \u00e9lectroniques, messages SMS, appels \nt\u00e9l\u00e9phoniques et courriers postaux. Ce droit demeure valable que les \ninformations vous concernant nous aient \u00e9t\u00e9 transmises directement par \nvous ou par des partenaires tiers \u00e0 qui vous les avez communiqu\u00e9es (dans\n ce cas, il faudra cliquer sur les liens de d\u00e9sinscription pr\u00e9vus dans \nnos SMS, courriels ou nous contacter). <br>&nbsp; <br>Ces diff\u00e9rents droits \nsont \u00e0 exercer soit en modifiant les param\u00e8tres de votre compte, soit \ndirectement sur le Site \u00e0 la rubrique \u00ab Contact \u00bb, soit \u00e0 l'adresse \nsuivante : info@emaconsult.com . Pour des raisons de s\u00e9curit\u00e9 et \u00e9viter \ntoute demande frauduleuse, cette demande devra \u00eatre accompagn\u00e9e d'un \njustificatif d'identit\u00e9. Le justificatif sera d\u00e9truit une fois la \ndemande trait\u00e9e.&nbsp; &nbsp; <br>En cas de collecte des coordonn\u00e9es t\u00e9l\u00e9phoniques du consommateur EMAconsult scrl<br>\n          <br>Lors de la consultation du Site, des Cookies sont d\u00e9pos\u00e9s sur votre ordinateur, votre mobile ou votre tablette.&nbsp; <br>&nbsp; <br>Un Cookie est une information d\u00e9pos\u00e9e sur votre appareil de navigation par le serveur du Site visit\u00e9.&nbsp; <br>Certaines parties du Site peuvent ainsi ne pas \u00eatre fonctionnelles sans l\u2019acceptation de cookies par l\u2019utilisateur.&nbsp; <br>\n          <br>Les\n informations collect\u00e9es par ce biais ne seront utilis\u00e9es que pour \nsuivre le volume, le type et la configuration du trafic utilisant ce \nsite, pour en d\u00e9velopper la conception et l'agencement et \u00e0 d'autres \nfins administratives et de planification et plus g\u00e9n\u00e9ralement pour \nam\u00e9liorer le service que nous vous offrons.&nbsp; <br>\n          <br>Ces informations ne seront pas, sauf accord de votre part, conserv\u00e9es plus de 13 mois. <br>Vous avez la possibilit\u00e9 de d\u00e9sactiver les Cookies depuis les param\u00e8tres de votre navigateur.&nbsp; <br>\n          <br>\n          <br>\n          <br>DEVIS\/CONDITIONS GENERALES DE VENTE OU D\u2019INTERVENTION&nbsp; <br>\n          <br>\n          <br>S\u2019assurer de l\u2019existence, sur le devis ou dans les CGV\/CGI <br>\n          <br>En\n cas de collecte des coordonn\u00e9es t\u00e9l\u00e9phoniques d\u2019un consommateur, le \nprofessionnel doit l'informer de son droit \u00e0 s'inscrire sur la liste \nd'opposition au d\u00e9marchage t\u00e9l\u00e9phonique. Lorsque ce recueil \nd'information se fait \u00e0 l'occasion de la conclusion d'un contrat, le \ncontrat mentionne, de mani\u00e8re claire et compr\u00e9hensible, l'existence de \nce droit pour le consommateur.&nbsp; <br>\n          <br>1.&nbsp; &nbsp; &nbsp; &nbsp; &nbsp; &nbsp; Clause relative aux donn\u00e9es personnelles au sein des CGV\/CGI <br>&nbsp; <br>\u00ab\n Les informations personnelles collect\u00e9es par l\u2019entreprise via le devis \n(nom, pr\u00e9nom, date de naissance, adresse, t\u00e9l\u00e9phone, adresse \n\u00e9lectronique, coordonn\u00e9es bancaires, etc.) sont enregistr\u00e9es dans son \nfichier de clients et principalement utilis\u00e9es pour la bonne gestion des\n relations avec le client et le traitement des commandes (pr\u00e9vention des\n impay\u00e9s, prospection, etc.). Le devis indique par un ast\u00e9risque la ou \nles informations dont la collecte est indispensable \u00e0 la bonne ex\u00e9cution\n de la commande.&nbsp; <br>&nbsp; <br>Les informations personnelles collect\u00e9es \nseront conserv\u00e9es aussi longtemps que n\u00e9cessaire jusqu\u2019au traitement de \nla commande\/ l\u2019ex\u00e9cution du march\u00e9, sauf si :<br>\n          <br>\u2022&nbsp; &nbsp; &nbsp; &nbsp; &nbsp; &nbsp; &nbsp; Une dur\u00e9e de conservation plus longue est autoris\u00e9e ou impos\u00e9e par une disposition l\u00e9gale ou r\u00e8glementaire ;&nbsp; <br>&nbsp; <br>\u2022&nbsp;\n &nbsp; &nbsp; &nbsp; &nbsp; &nbsp; &nbsp; Le client a exerc\u00e9, dans les conditions pr\u00e9vues ci-apr\u00e8s, \nl\u2019un des droits qui lui sont reconnus par la l\u00e9gislation.&nbsp; <br>&nbsp; <br>\u2022&nbsp; &nbsp; &nbsp; &nbsp; &nbsp; &nbsp; &nbsp; Une raison l\u00e9gitime justifie la conservation des donn\u00e9es. <br>&nbsp; &nbsp; <br>L'acc\u00e8s\n aux donn\u00e9es personnelles est strictement limit\u00e9 aux employ\u00e9s et \npr\u00e9pos\u00e9s de l\u2019entreprise, habilit\u00e9s \u00e0 les traiter en raison de leurs \nfonctions. Les informations recueillies pourront \u00e9ventuellement \u00eatre \ncommuniqu\u00e9es \u00e0 des tiers li\u00e9s \u00e0 l\u2019entreprise par contrat pour \nl'ex\u00e9cution de t\u00e2ches sous-trait\u00e9es n\u00e9cessaires \u00e0 la gestion de la \ncommande, sans qu\u2019une autorisation du client ne soit n\u00e9cessaire. Il est \npr\u00e9cis\u00e9 que, dans le cadre de l\u2019ex\u00e9cution de leurs prestations, les \ntiers n\u2019ont qu\u2019un acc\u00e8s limit\u00e9 aux donn\u00e9es et ont une obligation \ncontractuelle de les utiliser en conformit\u00e9 avec les dispositions de la \nl\u00e9gislation applicable en mati\u00e8re de protection des donn\u00e9es \npersonnelles. En dehors des cas \u00e9nonc\u00e9s ci-dessus, l\u2019entreprise s'engage\n \u00e0 ne pas vendre, louer, c\u00e9der ou donner acc\u00e8s \u00e0 des tiers aux donn\u00e9es \nsans consentement pr\u00e9alable du client, \u00e0 moins d\u2019y \u00eatre contraints en \nraison d\u2019un motif l\u00e9gitime (obligation l\u00e9gale, lutte contre la fraude ou\n l\u2019abus, exercice des droits de la d\u00e9fense, etc.).&nbsp; <br>\n          <br>Conform\u00e9ment\n aux dispositions l\u00e9gales et r\u00e8glementaires applicables, en particulier \ndu r\u00e8glement europ\u00e9en n\u00b02016\/679\/UE du 27 avril 2016 (applicable d\u00e8s le \n25 mai 2018), le client b\u00e9n\u00e9ficie d\u2019un droit d\u2019acc\u00e8s, de rectification, \nde portabilit\u00e9 et d\u2019effacement de ses donn\u00e9es ou encore de limitation du\n traitement. Il peut \u00e9galement, pour des motifs l\u00e9gitimes, s\u2019opposer au \ntraitement des donn\u00e9es la concernant.&nbsp; <br>\n          <br>Le client peut, sous \nr\u00e9serve de la production d\u2019un justificatif d\u2019identit\u00e9 valide, exercer \nses droits en contactant EMAconsult scrl, \u00e0 l\u2019adresse \ninfo@emaconsult.com&nbsp;  . <br>&nbsp; <br>Dans le cas o\u00f9 le client ne \nsouhaiterait pas\/plus recevoir des messages promotionnels et invitations\n via courriers \u00e9lectroniques, messages SMS, appels t\u00e9l\u00e9phoniques et \ncourriers postaux, celui-ci a la possibilit\u00e9 d\u2019indiquer son choix lors \nde la finalisation de sa commande, de modifier son choix en contactant \nl\u2019entreprise dans les conditions \u00e9voqu\u00e9es ci-avant ou en utilisant les \nliens de d\u00e9sinscription pr\u00e9vus dans les messages. Ce droit vaut \n\u00e9galement pour les personnes dont les donn\u00e9es (notamment leur identit\u00e9 \net leurs coordonn\u00e9es) auraient \u00e9t\u00e9 transmises, avec leur autorisation, \u00e0\n l\u2019entreprise par des tiers, \u00e0 des fins de prospection commerciale.&nbsp; <br>\n          <br>\n          <br>MODIFICATIONS<br>&nbsp; <br>\n          <br>EMAconsult\n scrl&nbsp; se r\u00e9serve le droit de modifier la d\u00e9claration relative \u00e0 la \nprotection de la vie priv\u00e9e. Cette d\u00e9claration relative \u00e0 la protection \nde la vie priv\u00e9e a \u00e9t\u00e9 modifi\u00e9e pour la derni\u00e8re fois le 07\/06\/2018.\n        <\/p>\n      <\/div>\n    <\/section>\n    \n    \n    \n    \n  \n","protected":false},"excerpt":{"rendered":"<p>D\u00e9claration relative \u00e0 la protection des donn\u00e9es \u00e0 caract\u00e8re personnel &nbsp;Les informations personnelles port\u00e9es sur ce formulaire sont enregistr\u00e9es dans un fichier informatis\u00e9 par EMAconsult scrl.&nbsp; Nous ne traiterons ou n&rsquo;utiliserons vos donn\u00e9es que dans la mesure o\u00f9 cela est n\u00e9cessaire pour :&nbsp; \u2022&nbsp; &nbsp; &nbsp; &nbsp; &nbsp; &nbsp; &nbsp; Vous contacter ; \u2022&nbsp; &nbsp; &hellip; <a href=\"https:\/\/formation-comptable.be\/index.php\/privacy\/\" class=\"more-link\">Continue reading<span class=\"screen-reader-text\"> \u00ab\u00a0Privacy\u00a0\u00bb<\/span><\/a><\/p>\n","protected":false},"author":2,"featured_media":0,"parent":0,"menu_order":4,"comment_status":"closed","ping_status":"closed","template":"","meta":{"footnotes":""},"class_list":["post-46","page","type-page","status-publish","hentry"],"_links":{"self":[{"href":"https:\/\/formation-comptable.be\/index.php\/wp-json\/wp\/v2\/pages\/46","targetHints":{"allow":["GET"]}}],"collection":[{"href":"https:\/\/formation-comptable.be\/index.php\/wp-json\/wp\/v2\/pages"}],"about":[{"href":"https:\/\/formation-comptable.be\/index.php\/wp-json\/wp\/v2\/types\/page"}],"author":[{"embeddable":true,"href":"https:\/\/formation-comptable.be\/index.php\/wp-json\/wp\/v2\/users\/2"}],"replies":[{"embeddable":true,"href":"https:\/\/formation-comptable.be\/index.php\/wp-json\/wp\/v2\/comments?post=46"}],"version-history":[{"count":1,"href":"https:\/\/formation-comptable.be\/index.php\/wp-json\/wp\/v2\/pages\/46\/revisions"}],"predecessor-version":[{"id":58,"href":"https:\/\/formation-comptable.be\/index.php\/wp-json\/wp\/v2\/pages\/46\/revisions\/58"}],"wp:attachment":[{"href":"https:\/\/formation-comptable.be\/index.php\/wp-json\/wp\/v2\/media?parent=46"}],"curies":[{"name":"wp","href":"https:\/\/api.w.org\/{rel}","templated":true}]}}